{"id":284,"date":"2025-07-09T15:31:00","date_gmt":"2025-07-09T13:31:00","guid":{"rendered":"https:\/\/menopausecomedie.fr\/?page_id=284"},"modified":"2025-07-09T15:51:40","modified_gmt":"2025-07-09T13:51:40","slug":"production-et-contact","status":"publish","type":"page","link":"https:\/\/menopausecomedie.fr\/?page_id=284","title":{"rendered":"Production et Contact"},"content":{"rendered":"\t\t<div data-elementor-type=\"wp-page\" data-elementor-id=\"284\" class=\"elementor elementor-284\" data-elementor-post-type=\"page\">\n\t\t\t\t<div class=\"elementor-element elementor-element-35d66d2 e-con-full e-flex e-con e-parent\" data-id=\"35d66d2\" data-element_type=\"container\" data-settings=\"{&quot;background_background&quot;:&quot;classic&quot;}\">\n\t\t<div class=\"elementor-element elementor-element-ee4d27d e-con-full e-flex e-con e-child\" data-id=\"ee4d27d\" data-element_type=\"container\">\n\t\t\t\t<div class=\"elementor-element elementor-element-1362677 elementor-hidden-mobile elementor-widget elementor-widget-image\" data-id=\"1362677\" data-element_type=\"widget\" data-widget_type=\"image.default\">\n\t\t\t\t<div class=\"elementor-widget-container\">\n\t\t\t\t\t\t\t\t\t\t\t\t\t\t\t<img fetchpriority=\"high\" decoding=\"async\" width=\"1875\" height=\"1875\" src=\"https:\/\/menopausecomedie.fr\/wp-content\/uploads\/2025\/07\/Logo-TikTak-Prod.png\" class=\"attachment-full size-full wp-image-286\" alt=\"\" srcset=\"https:\/\/menopausecomedie.fr\/wp-content\/uploads\/2025\/07\/Logo-TikTak-Prod.png 1875w, https:\/\/menopausecomedie.fr\/wp-content\/uploads\/2025\/07\/Logo-TikTak-Prod-300x300.png 300w, https:\/\/menopausecomedie.fr\/wp-content\/uploads\/2025\/07\/Logo-TikTak-Prod-1024x1024.png 1024w, https:\/\/menopausecomedie.fr\/wp-content\/uploads\/2025\/07\/Logo-TikTak-Prod-150x150.png 150w, https:\/\/menopausecomedie.fr\/wp-content\/uploads\/2025\/07\/Logo-TikTak-Prod-768x768.png 768w, https:\/\/menopausecomedie.fr\/wp-content\/uploads\/2025\/07\/Logo-TikTak-Prod-1536x1536.png 1536w\" sizes=\"(max-width: 1875px) 100vw, 1875px\" \/>\t\t\t\t\t\t\t\t\t\t\t\t\t\t\t<\/div>\n\t\t\t\t<\/div>\n\t\t\t\t<\/div>\n\t\t<div class=\"elementor-element elementor-element-6a393b6 e-con-full e-flex e-con e-child\" data-id=\"6a393b6\" data-element_type=\"container\">\n\t\t\t\t<div class=\"elementor-element elementor-element-a7b1569 elementor-widget elementor-widget-heading\" data-id=\"a7b1569\" data-element_type=\"widget\" data-widget_type=\"heading.default\">\n\t\t\t\t<div class=\"elementor-widget-container\">\n\t\t\t\t\t<h2 class=\"elementor-heading-title elementor-size-default\">TikTak Prod<\/h2>\t\t\t\t<\/div>\n\t\t\t\t<\/div>\n\t\t\t\t<div class=\"elementor-element elementor-element-9a5fcc5 elementor-widget elementor-widget-text-editor\" data-id=\"9a5fcc5\" data-element_type=\"widget\" data-widget_type=\"text-editor.default\">\n\t\t\t\t<div class=\"elementor-widget-container\">\n\t\t\t\t\t\t\t\t\t<p>TikTak Prod a \u00e9t\u00e9 cr\u00e9\u00e9e en 2020 afin de produire des artistes coups de c\u0153ur. Elle produit ainsi essentiellement le duo Les Apollons (plus de 300 repr\u00e9sentations \u00e0 Paris, Avignon,\u00a0 dans toute la France et en Belgique), \u00abFolle du Titanic \u00bb d\u2019Emmeline Naert pr\u00e9sent\u00e9 au public au Festival d\u2019Avignon en 2025. La petite soci\u00e9t\u00e9 de production devient plus grande en rejoignant Alex Goude \u00e0 partir de 2024 sur les projets \u00ab M\u00e9nopause \u00bb et \u00ab Men en Pause \u00bb. Elle est fond\u00e9e et dirig\u00e9e par deux passionn\u00e9s.<\/p>\t\t\t\t\t\t\t\t<\/div>\n\t\t\t\t<\/div>\n\t\t\t\t<\/div>\n\t\t\t\t<\/div>\n\t\t<div class=\"elementor-element elementor-element-c4465b4 e-con-full e-flex e-con e-parent\" data-id=\"c4465b4\" data-element_type=\"container\" data-settings=\"{&quot;background_background&quot;:&quot;classic&quot;}\">\n\t\t<div class=\"elementor-element elementor-element-c4257df e-con-full e-flex e-con e-child\" data-id=\"c4257df\" data-element_type=\"container\">\n\t\t\t\t<div class=\"elementor-element elementor-element-d640051 elementor-widget elementor-widget-heading\" data-id=\"d640051\" data-element_type=\"widget\" data-widget_type=\"heading.default\">\n\t\t\t\t<div class=\"elementor-widget-container\">\n\t\t\t\t\t<h2 class=\"elementor-heading-title elementor-size-default\">Jordan Sarrali\u00e9<\/h2>\t\t\t\t<\/div>\n\t\t\t\t<\/div>\n\t\t\t\t<div class=\"elementor-element elementor-element-792442d elementor-widget elementor-widget-text-editor\" data-id=\"792442d\" data-element_type=\"widget\" data-widget_type=\"text-editor.default\">\n\t\t\t\t<div class=\"elementor-widget-container\">\n\t\t\t\t\t\t\t\t\t<p class=\"elementtoproof\">Jordan est un quadra dynamique, ancien sportif de haut niveau international en judo et lutte. Ouais, faut pas l\u2019emb\u00eater !! Mais il est doux comme un agneau dans ses fonctions de conseiller en gestion de patrimoine, qu\u2019il exerce depuis 25 ans \u00e0 Orl\u00e9ans. Passionn\u00e9 par le cin\u00e9ma, le th\u00e9\u00e2tre et la com\u00e9die musicale, il a d\u00e9cid\u00e9 de se lancer en 2016 dans la production artistique avec des shows comme \u00abGospel sur la Colline\u00bb aux Folies Berg\u00e8re, \u00abPetit Ours Brun\u00bb au th\u00e9\u00e2tre du Gymnase, \u00abla Passation\u00bb aux Feux de la Rampe, \u00abEnooormes\u00bb au th\u00e9\u00e2tre Tr\u00e9vise, \u00able Piano perd les p\u00e9dales\u00bb au Grand Point Virgule d\u00e9j\u00e0 avec Alex Goude, \u201cIl \u00e9tait une fois\u00bb au M\u00e9lo d\u2019Am\u00e9lie o\u00f9 il est associ\u00e9 du th\u00e9\u00e2tre depuis 2018 et \u00ables Apollons\u00bb en tourn\u00e9e en France et en Belgique. Il est aussi producteur de cin\u00e9ma depuis 2018 avec des films comme \u00abHostile\u00bb, \u00abM\u00e9andre\u00bb et \u00abGueules Noires\u00bb de Mathieu Turi, \u201cUne barque sur l\u2019oc\u00e9an\u00bb de Arnold de Parscau ou \u201dPilote\u201d de Paul Doucet.<\/p>\t\t\t\t\t\t\t\t<\/div>\n\t\t\t\t<\/div>\n\t\t\t\t<\/div>\n\t\t<div class=\"elementor-element elementor-element-87b2528 e-con-full e-flex e-con e-child\" data-id=\"87b2528\" data-element_type=\"container\">\n\t\t\t\t<div class=\"elementor-element elementor-element-0324bc0 elementor-hidden-mobile elementor-widget elementor-widget-image\" data-id=\"0324bc0\" data-element_type=\"widget\" data-widget_type=\"image.default\">\n\t\t\t\t<div class=\"elementor-widget-container\">\n\t\t\t\t\t\t\t\t\t\t\t\t\t\t\t<img fetchpriority=\"high\" decoding=\"async\" width=\"1875\" height=\"1875\" src=\"https:\/\/menopausecomedie.fr\/wp-content\/uploads\/2025\/07\/Logo-TikTak-Prod.png\" class=\"attachment-full size-full wp-image-286\" alt=\"\" srcset=\"https:\/\/menopausecomedie.fr\/wp-content\/uploads\/2025\/07\/Logo-TikTak-Prod.png 1875w, https:\/\/menopausecomedie.fr\/wp-content\/uploads\/2025\/07\/Logo-TikTak-Prod-300x300.png 300w, https:\/\/menopausecomedie.fr\/wp-content\/uploads\/2025\/07\/Logo-TikTak-Prod-1024x1024.png 1024w, https:\/\/menopausecomedie.fr\/wp-content\/uploads\/2025\/07\/Logo-TikTak-Prod-150x150.png 150w, https:\/\/menopausecomedie.fr\/wp-content\/uploads\/2025\/07\/Logo-TikTak-Prod-768x768.png 768w, https:\/\/menopausecomedie.fr\/wp-content\/uploads\/2025\/07\/Logo-TikTak-Prod-1536x1536.png 1536w\" sizes=\"(max-width: 1875px) 100vw, 1875px\" \/>\t\t\t\t\t\t\t\t\t\t\t\t\t\t\t<\/div>\n\t\t\t\t<\/div>\n\t\t\t\t<\/div>\n\t\t\t\t<\/div>\n\t\t<div class=\"elementor-element elementor-element-5315021 e-con-full e-flex e-con e-parent\" data-id=\"5315021\" data-element_type=\"container\" data-settings=\"{&quot;background_background&quot;:&quot;classic&quot;}\">\n\t\t<div class=\"elementor-element elementor-element-83151c9 e-con-full e-flex e-con e-child\" data-id=\"83151c9\" data-element_type=\"container\">\n\t\t\t\t<div class=\"elementor-element elementor-element-48579f3 elementor-hidden-mobile elementor-widget elementor-widget-image\" data-id=\"48579f3\" data-element_type=\"widget\" data-widget_type=\"image.default\">\n\t\t\t\t<div class=\"elementor-widget-container\">\n\t\t\t\t\t\t\t\t\t\t\t\t\t\t\t<img fetchpriority=\"high\" decoding=\"async\" width=\"1875\" height=\"1875\" src=\"https:\/\/menopausecomedie.fr\/wp-content\/uploads\/2025\/07\/Logo-TikTak-Prod.png\" class=\"attachment-full size-full wp-image-286\" alt=\"\" srcset=\"https:\/\/menopausecomedie.fr\/wp-content\/uploads\/2025\/07\/Logo-TikTak-Prod.png 1875w, https:\/\/menopausecomedie.fr\/wp-content\/uploads\/2025\/07\/Logo-TikTak-Prod-300x300.png 300w, https:\/\/menopausecomedie.fr\/wp-content\/uploads\/2025\/07\/Logo-TikTak-Prod-1024x1024.png 1024w, https:\/\/menopausecomedie.fr\/wp-content\/uploads\/2025\/07\/Logo-TikTak-Prod-150x150.png 150w, https:\/\/menopausecomedie.fr\/wp-content\/uploads\/2025\/07\/Logo-TikTak-Prod-768x768.png 768w, https:\/\/menopausecomedie.fr\/wp-content\/uploads\/2025\/07\/Logo-TikTak-Prod-1536x1536.png 1536w\" sizes=\"(max-width: 1875px) 100vw, 1875px\" \/>\t\t\t\t\t\t\t\t\t\t\t\t\t\t\t<\/div>\n\t\t\t\t<\/div>\n\t\t\t\t<\/div>\n\t\t<div class=\"elementor-element elementor-element-5e761b2 e-con-full e-flex e-con e-child\" data-id=\"5e761b2\" data-element_type=\"container\">\n\t\t\t\t<div class=\"elementor-element elementor-element-cd401fb elementor-widget elementor-widget-heading\" data-id=\"cd401fb\" data-element_type=\"widget\" data-widget_type=\"heading.default\">\n\t\t\t\t<div class=\"elementor-widget-container\">\n\t\t\t\t\t<h2 class=\"elementor-heading-title elementor-size-default\">Charlotte Leroy<\/h2>\t\t\t\t<\/div>\n\t\t\t\t<\/div>\n\t\t\t\t<div class=\"elementor-element elementor-element-a443ae6 elementor-widget elementor-widget-text-editor\" data-id=\"a443ae6\" data-element_type=\"widget\" data-widget_type=\"text-editor.default\">\n\t\t\t\t<div class=\"elementor-widget-container\">\n\t\t\t\t\t\t\t\t\t<p>Charlotte a grandi au sein d\u2019une famille de musiciens sur Orl\u00e9ans. Elle a elle-m\u00eame d\u00e8s son plus jeune \u00e2ge pratiquer la musique (piano, hautbois, saxophones) et est devenue professeur de musique en \u00e9coles de musique.<br \/>Mais elle a pourtant choisi une autre voie professionnelle et est devenue responsable administrative et financiers au mus\u00e9um National d\u2019histoire Naturelle de Paris durant 15 ans.<br \/>De retour sur Orl\u00e9ans, elle a commenc\u00e9 \u00e0 travailler dans diff\u00e9rentes soci\u00e9t\u00e9s de production, puis s\u2019est associ\u00e9e en 2020 avec Jordan Sarrali\u00e9 pour cr\u00e9er leur soci\u00e9t\u00e9 de production TikTak Prod.<\/p>\t\t\t\t\t\t\t\t<\/div>\n\t\t\t\t<\/div>\n\t\t\t\t<\/div>\n\t\t\t\t<\/div>\n\t\t<div class=\"elementor-element elementor-element-3c3ecbb e-flex e-con-boxed e-con e-parent\" data-id=\"3c3ecbb\" data-element_type=\"container\" data-settings=\"{&quot;background_background&quot;:&quot;classic&quot;}\">\n\t\t\t\t\t<div class=\"e-con-inner\">\n\t\t\t\t<div class=\"elementor-element elementor-element-983d602 elementor-widget elementor-widget-heading\" data-id=\"983d602\" data-element_type=\"widget\" data-widget_type=\"heading.default\">\n\t\t\t\t<div class=\"elementor-widget-container\">\n\t\t\t\t\t<h2 class=\"elementor-heading-title elementor-size-default\">Contactez-nous :<\/h2>\t\t\t\t<\/div>\n\t\t\t\t<\/div>\n\t\t\t\t<div class=\"elementor-element elementor-element-daeaaf4 elementor-button-align-end elementor-widget__width-initial elementor-widget elementor-widget-form\" data-id=\"daeaaf4\" data-element_type=\"widget\" data-settings=\"{&quot;step_next_label&quot;:&quot;Suivant&quot;,&quot;step_previous_label&quot;:&quot;Pr\\u00e9c\\u00e9dent&quot;,&quot;step_type&quot;:&quot;number_text&quot;,&quot;step_icon_shape&quot;:&quot;circle&quot;}\" data-widget_type=\"form.default\">\n\t\t\t\t<div class=\"elementor-widget-container\">\n\t\t\t\t\t\t\t<form class=\"elementor-form\" method=\"post\" name=\"Nouveau formulaire\">\n\t\t\t<input type=\"hidden\" name=\"post_id\" value=\"284\"\/>\n\t\t\t<input type=\"hidden\" name=\"form_id\" value=\"daeaaf4\"\/>\n\t\t\t<input type=\"hidden\" name=\"referer_title\" value=\"Production et Contact -\" \/>\n\n\t\t\t\t\t\t\t<input type=\"hidden\" name=\"queried_id\" value=\"284\"\/>\n\t\t\t\n\t\t\t<div class=\"elementor-form-fields-wrapper elementor-labels-\">\n\t\t\t\t\t\t\t\t<div class=\"elementor-field-type-text elementor-field-group elementor-column elementor-field-group-name elementor-col-100\">\n\t\t\t\t\t\t\t\t\t\t\t\t<label for=\"form-field-name\" class=\"elementor-field-label elementor-screen-only\">\n\t\t\t\t\t\t\t\tNom\t\t\t\t\t\t\t<\/label>\n\t\t\t\t\t\t\t\t\t\t\t\t\t\t<input size=\"1\" type=\"text\" name=\"form_fields[name]\" id=\"form-field-name\" class=\"elementor-field elementor-size-sm  elementor-field-textual\" placeholder=\"Nom\">\n\t\t\t\t\t\t\t\t\t\t\t<\/div>\n\t\t\t\t\t\t\t\t<div class=\"elementor-field-type-email elementor-field-group elementor-column elementor-field-group-email elementor-col-100 elementor-field-required\">\n\t\t\t\t\t\t\t\t\t\t\t\t<label for=\"form-field-email\" class=\"elementor-field-label elementor-screen-only\">\n\t\t\t\t\t\t\t\tE-mail\t\t\t\t\t\t\t<\/label>\n\t\t\t\t\t\t\t\t\t\t\t\t\t\t<input size=\"1\" type=\"email\" name=\"form_fields[email]\" id=\"form-field-email\" class=\"elementor-field elementor-size-sm  elementor-field-textual\" placeholder=\"E-mail\" required=\"required\">\n\t\t\t\t\t\t\t\t\t\t\t<\/div>\n\t\t\t\t\t\t\t\t<div class=\"elementor-field-type-textarea elementor-field-group elementor-column elementor-field-group-message elementor-col-100\">\n\t\t\t\t\t\t\t\t\t\t\t\t<label for=\"form-field-message\" class=\"elementor-field-label elementor-screen-only\">\n\t\t\t\t\t\t\t\tMessage\t\t\t\t\t\t\t<\/label>\n\t\t\t\t\t\t<textarea class=\"elementor-field-textual elementor-field  elementor-size-sm\" name=\"form_fields[message]\" id=\"form-field-message\" rows=\"4\" placeholder=\"Message\"><\/textarea>\t\t\t\t<\/div>\n\t\t\t\t\t\t\t\t<div class=\"elementor-field-group elementor-column elementor-field-type-submit elementor-col-100 e-form__buttons\">\n\t\t\t\t\t<button class=\"elementor-button elementor-size-sm\" type=\"submit\">\n\t\t\t\t\t\t<span class=\"elementor-button-content-wrapper\">\n\t\t\t\t\t\t\t\t\t\t\t\t\t\t\t\t\t\t\t\t\t\t<span class=\"elementor-button-text\">Envoyer<\/span>\n\t\t\t\t\t\t\t\t\t\t\t\t\t<\/span>\n\t\t\t\t\t<\/button>\n\t\t\t\t<\/div>\n\t\t\t<\/div>\n\t\t<\/form>\n\t\t\t\t\t\t<\/div>\n\t\t\t\t<\/div>\n\t\t\t\t\t<\/div>\n\t\t\t\t<\/div>\n\t\t\t\t<\/div>\n\t\t","protected":false},"excerpt":{"rendered":"<p>TikTak Prod TikTak Prod a \u00e9t\u00e9 cr\u00e9\u00e9e en 2020 afin de produire des artistes coups de c\u0153ur. Elle produit ainsi [&hellip;]<\/p>\n","protected":false},"author":1,"featured_media":0,"parent":0,"menu_order":0,"comment_status":"closed","ping_status":"closed","template":"","meta":{"_eb_attr":"","site-sidebar-layout":"default","site-content-layout":"","ast-site-content-layout":"default","site-content-style":"default","site-sidebar-style":"default","ast-global-header-display":"","ast-banner-title-visibility":"","ast-main-header-display":"","ast-hfb-above-header-display":"","ast-hfb-below-header-display":"","ast-hfb-mobile-header-display":"","site-post-title":"","ast-breadcrumbs-content":"","ast-featured-img":"","footer-sml-layout":"","theme-transparent-header-meta":"","adv-header-id-meta":"","stick-header-meta":"","header-above-stick-meta":"","header-main-stick-meta":"","header-below-stick-meta":"","astra-migrate-meta-layouts":"default","ast-page-background-enabled":"default","ast-page-background-meta":{"desktop":{"background-color":"var(--ast-global-color-5)","background-image":"","background-repeat":"repeat","background-position":"center center","background-size":"auto","background-attachment":"scroll","background-type":"","background-media":"","overlay-type":"","overlay-color":"","overlay-opacity":"","overlay-gradient":""},"tablet":{"background-color":"","background-image":"","background-repeat":"repeat","background-position":"center center","background-size":"auto","background-attachment":"scroll","background-type":"","background-media":"","overlay-type":"","overlay-color":"","overlay-opacity":"","overlay-gradient":""},"mobile":{"background-color":"","background-image":"","background-repeat":"repeat","background-position":"center center","background-size":"auto","background-attachment":"scroll","background-type":"","background-media":"","overlay-type":"","overlay-color":"","overlay-opacity":"","overlay-gradient":""}},"ast-content-background-meta":{"desktop":{"background-color":"var(--ast-global-color-4)","background-image":"","background-repeat":"repeat","background-position":"center center","background-size":"auto","background-attachment":"scroll","background-type":"","background-media":"","overlay-type":"","overlay-color":"","overlay-opacity":"","overlay-gradient":""},"tablet":{"background-color":"var(--ast-global-color-4)","background-image":"","background-repeat":"repeat","background-position":"center center","background-size":"auto","background-attachment":"scroll","background-type":"","background-media":"","overlay-type":"","overlay-color":"","overlay-opacity":"","overlay-gradient":""},"mobile":{"background-color":"var(--ast-global-color-4)","background-image":"","background-repeat":"repeat","background-position":"center center","background-size":"auto","background-attachment":"scroll","background-type":"","background-media":"","overlay-type":"","overlay-color":"","overlay-opacity":"","overlay-gradient":""}},"footnotes":""},"class_list":["post-284","page","type-page","status-publish","hentry"],"yoast_head":"<!-- This site is optimized with the Yoast SEO plugin v25.3.1 - https:\/\/yoast.com\/wordpress\/plugins\/seo\/ -->\n<title>Production et Contact -<\/title>\n<meta name=\"robots\" content=\"index, follow, max-snippet:-1, max-image-preview:large, max-video-preview:-1\" \/>\n<link rel=\"canonical\" href=\"https:\/\/menopausecomedie.fr\/?page_id=284\" \/>\n<meta property=\"og:locale\" content=\"fr_FR\" \/>\n<meta property=\"og:type\" content=\"article\" \/>\n<meta property=\"og:title\" content=\"Production et Contact -\" \/>\n<meta property=\"og:description\" content=\"TikTak Prod TikTak Prod a \u00e9t\u00e9 cr\u00e9\u00e9e en 2020 afin de produire des artistes coups de c\u0153ur. Elle produit ainsi [&hellip;]\" \/>\n<meta property=\"og:url\" content=\"https:\/\/menopausecomedie.fr\/?page_id=284\" \/>\n<meta property=\"article:modified_time\" content=\"2025-07-09T13:51:40+00:00\" \/>\n<meta property=\"og:image\" content=\"https:\/\/menopausecomedie.fr\/wp-content\/uploads\/2025\/07\/Logo-TikTak-Prod.png\" \/>\n\t<meta property=\"og:image:width\" content=\"1875\" \/>\n\t<meta property=\"og:image:height\" content=\"1875\" \/>\n\t<meta property=\"og:image:type\" content=\"image\/png\" \/>\n<meta name=\"twitter:card\" content=\"summary_large_image\" \/>\n<meta name=\"twitter:label1\" content=\"Dur\u00e9e de lecture estim\u00e9e\" \/>\n\t<meta name=\"twitter:data1\" content=\"3 minutes\" \/>\n<script type=\"application\/ld+json\" class=\"yoast-schema-graph\">{\"@context\":\"https:\/\/schema.org\",\"@graph\":[{\"@type\":\"WebPage\",\"@id\":\"https:\/\/menopausecomedie.fr\/?page_id=284\",\"url\":\"https:\/\/menopausecomedie.fr\/?page_id=284\",\"name\":\"Production et Contact -\",\"isPartOf\":{\"@id\":\"https:\/\/menopausecomedie.fr\/#website\"},\"primaryImageOfPage\":{\"@id\":\"https:\/\/menopausecomedie.fr\/?page_id=284#primaryimage\"},\"image\":{\"@id\":\"https:\/\/menopausecomedie.fr\/?page_id=284#primaryimage\"},\"thumbnailUrl\":\"https:\/\/menopausecomedie.fr\/wp-content\/uploads\/2025\/07\/Logo-TikTak-Prod.png\",\"datePublished\":\"2025-07-09T13:31:00+00:00\",\"dateModified\":\"2025-07-09T13:51:40+00:00\",\"breadcrumb\":{\"@id\":\"https:\/\/menopausecomedie.fr\/?page_id=284#breadcrumb\"},\"inLanguage\":\"fr-FR\",\"potentialAction\":[{\"@type\":\"ReadAction\",\"target\":[\"https:\/\/menopausecomedie.fr\/?page_id=284\"]}]},{\"@type\":\"ImageObject\",\"inLanguage\":\"fr-FR\",\"@id\":\"https:\/\/menopausecomedie.fr\/?page_id=284#primaryimage\",\"url\":\"https:\/\/menopausecomedie.fr\/wp-content\/uploads\/2025\/07\/Logo-TikTak-Prod.png\",\"contentUrl\":\"https:\/\/menopausecomedie.fr\/wp-content\/uploads\/2025\/07\/Logo-TikTak-Prod.png\",\"width\":1875,\"height\":1875},{\"@type\":\"BreadcrumbList\",\"@id\":\"https:\/\/menopausecomedie.fr\/?page_id=284#breadcrumb\",\"itemListElement\":[{\"@type\":\"ListItem\",\"position\":1,\"name\":\"Accueil\",\"item\":\"https:\/\/menopausecomedie.fr\/\"},{\"@type\":\"ListItem\",\"position\":2,\"name\":\"Production et Contact\"}]},{\"@type\":\"WebSite\",\"@id\":\"https:\/\/menopausecomedie.fr\/#website\",\"url\":\"https:\/\/menopausecomedie.fr\/\",\"name\":\"\",\"description\":\"La com\u00e9die qui bouscule les r\u00e8gles !\",\"potentialAction\":[{\"@type\":\"SearchAction\",\"target\":{\"@type\":\"EntryPoint\",\"urlTemplate\":\"https:\/\/menopausecomedie.fr\/?s={search_term_string}\"},\"query-input\":{\"@type\":\"PropertyValueSpecification\",\"valueRequired\":true,\"valueName\":\"search_term_string\"}}],\"inLanguage\":\"fr-FR\"}]}<\/script>\n<!-- \/ Yoast SEO plugin. -->","yoast_head_json":{"title":"Production et Contact -","robots":{"index":"index","follow":"follow","max-snippet":"max-snippet:-1","max-image-preview":"max-image-preview:large","max-video-preview":"max-video-preview:-1"},"canonical":"https:\/\/menopausecomedie.fr\/?page_id=284","og_locale":"fr_FR","og_type":"article","og_title":"Production et Contact -","og_description":"TikTak Prod TikTak Prod a \u00e9t\u00e9 cr\u00e9\u00e9e en 2020 afin de produire des artistes coups de c\u0153ur. Elle produit ainsi [&hellip;]","og_url":"https:\/\/menopausecomedie.fr\/?page_id=284","article_modified_time":"2025-07-09T13:51:40+00:00","og_image":[{"width":1875,"height":1875,"url":"https:\/\/menopausecomedie.fr\/wp-content\/uploads\/2025\/07\/Logo-TikTak-Prod.png","type":"image\/png"}],"twitter_card":"summary_large_image","twitter_misc":{"Dur\u00e9e de lecture estim\u00e9e":"3 minutes"},"schema":{"@context":"https:\/\/schema.org","@graph":[{"@type":"WebPage","@id":"https:\/\/menopausecomedie.fr\/?page_id=284","url":"https:\/\/menopausecomedie.fr\/?page_id=284","name":"Production et Contact -","isPartOf":{"@id":"https:\/\/menopausecomedie.fr\/#website"},"primaryImageOfPage":{"@id":"https:\/\/menopausecomedie.fr\/?page_id=284#primaryimage"},"image":{"@id":"https:\/\/menopausecomedie.fr\/?page_id=284#primaryimage"},"thumbnailUrl":"https:\/\/menopausecomedie.fr\/wp-content\/uploads\/2025\/07\/Logo-TikTak-Prod.png","datePublished":"2025-07-09T13:31:00+00:00","dateModified":"2025-07-09T13:51:40+00:00","breadcrumb":{"@id":"https:\/\/menopausecomedie.fr\/?page_id=284#breadcrumb"},"inLanguage":"fr-FR","potentialAction":[{"@type":"ReadAction","target":["https:\/\/menopausecomedie.fr\/?page_id=284"]}]},{"@type":"ImageObject","inLanguage":"fr-FR","@id":"https:\/\/menopausecomedie.fr\/?page_id=284#primaryimage","url":"https:\/\/menopausecomedie.fr\/wp-content\/uploads\/2025\/07\/Logo-TikTak-Prod.png","contentUrl":"https:\/\/menopausecomedie.fr\/wp-content\/uploads\/2025\/07\/Logo-TikTak-Prod.png","width":1875,"height":1875},{"@type":"BreadcrumbList","@id":"https:\/\/menopausecomedie.fr\/?page_id=284#breadcrumb","itemListElement":[{"@type":"ListItem","position":1,"name":"Accueil","item":"https:\/\/menopausecomedie.fr\/"},{"@type":"ListItem","position":2,"name":"Production et Contact"}]},{"@type":"WebSite","@id":"https:\/\/menopausecomedie.fr\/#website","url":"https:\/\/menopausecomedie.fr\/","name":"","description":"La com\u00e9die qui bouscule les r\u00e8gles !","potentialAction":[{"@type":"SearchAction","target":{"@type":"EntryPoint","urlTemplate":"https:\/\/menopausecomedie.fr\/?s={search_term_string}"},"query-input":{"@type":"PropertyValueSpecification","valueRequired":true,"valueName":"search_term_string"}}],"inLanguage":"fr-FR"}]}},"_links":{"self":[{"href":"https:\/\/menopausecomedie.fr\/index.php?rest_route=\/wp\/v2\/pages\/284","targetHints":{"allow":["GET"]}}],"collection":[{"href":"https:\/\/menopausecomedie.fr\/index.php?rest_route=\/wp\/v2\/pages"}],"about":[{"href":"https:\/\/menopausecomedie.fr\/index.php?rest_route=\/wp\/v2\/types\/page"}],"author":[{"embeddable":true,"href":"https:\/\/menopausecomedie.fr\/index.php?rest_route=\/wp\/v2\/users\/1"}],"replies":[{"embeddable":true,"href":"https:\/\/menopausecomedie.fr\/index.php?rest_route=%2Fwp%2Fv2%2Fcomments&post=284"}],"version-history":[{"count":4,"href":"https:\/\/menopausecomedie.fr\/index.php?rest_route=\/wp\/v2\/pages\/284\/revisions"}],"predecessor-version":[{"id":291,"href":"https:\/\/menopausecomedie.fr\/index.php?rest_route=\/wp\/v2\/pages\/284\/revisions\/291"}],"wp:attachment":[{"href":"https:\/\/menopausecomedie.fr\/index.php?rest_route=%2Fwp%2Fv2%2Fmedia&parent=284"}],"curies":[{"name":"wp","href":"https:\/\/api.w.org\/{rel}","templated":true}]}}